{"id":15,"date":"2025-10-03T08:50:25","date_gmt":"2025-10-03T08:50:25","guid":{"rendered":"https:\/\/maranatatomelloso.com\/?page_id=15"},"modified":"2025-10-04T13:03:24","modified_gmt":"2025-10-04T13:03:24","slug":"colecta","status":"publish","type":"page","link":"https:\/\/maranatatomelloso.com\/","title":{"rendered":"COLECT\u0102"},"content":{"rendered":"\t\t<div data-elementor-type=\"wp-page\" data-elementor-id=\"15\" class=\"elementor elementor-15\">\n\t\t\t\t<div class=\"elementor-element elementor-element-36afe91 e-flex e-con-boxed e-con e-parent\" data-id=\"36afe91\" data-element_type=\"container\">\n\t\t\t\t\t<div class=\"e-con-inner\">\n\t\t\t\t<div class=\"elementor-element elementor-element-b9d466a elementor-widget elementor-widget-heading\" data-id=\"b9d466a\" data-element_type=\"widget\" data-widget_type=\"heading.default\">\n\t\t\t\t\t<h2 class=\"elementor-heading-title elementor-size-default\">Fiecare s\u0103 dea dup\u0103 cum a hot\u0103r\u00e2t \u00een inima lui: nu cu p\u0103rere de r\u0103u sau de sil\u0103, c\u0103ci \u201epe cine d\u0103 cu bucurie, \u00eel iube\u0219te Dumnezeu<\/h2>\t\t\t\t<\/div>\n\t\t\t\t\t<\/div>\n\t\t\t\t<\/div>\n\t\t<div class=\"elementor-element elementor-element-4675bf1 e-flex e-con-boxed e-con e-parent\" data-id=\"4675bf1\" data-element_type=\"container\">\n\t\t\t\t\t<div class=\"e-con-inner\">\n\t\t<div class=\"elementor-element elementor-element-b875457 e-con-full e-flex e-con e-child\" data-id=\"b875457\" data-element_type=\"container\">\n\t\t\t\t<div class=\"elementor-element elementor-element-4f3e03d elementor-view-default elementor-widget elementor-widget-icon\" data-id=\"4f3e03d\" data-element_type=\"widget\" data-widget_type=\"icon.default\">\n\t\t\t\t\t\t\t<div class=\"elementor-icon-wrapper\">\n\t\t\t<div class=\"elementor-icon\">\n\t\t\t<i aria-hidden=\"true\" class=\"icon icon-User\"><\/i>\t\t\t<\/div>\n\t\t<\/div>\n\t\t\t\t\t\t<\/div>\n\t\t\t\t<div class=\"elementor-element elementor-element-13ad725 elementor-widget elementor-widget-heading\" data-id=\"13ad725\" data-element_type=\"widget\" data-widget_type=\"heading.default\">\n\t\t\t\t\t<h2 class=\"elementor-heading-title elementor-size-default\">Invita\u021bi \/ Predicattori<\/h2>\t\t\t\t<\/div>\n\t\t\t\t<div class=\"elementor-element elementor-element-5089ef4 elementor-widget elementor-widget-shortcode\" data-id=\"5089ef4\" data-element_type=\"widget\" data-widget_type=\"shortcode.default\">\n\t\t\t\t\t\t\t<div class=\"elementor-shortcode\"><div id=\"simpay-stripe_checkout-form-wrap-111\" data-id=\"simpay-form-111-wrap\" class=\"simpay-form-wrap simpay-stripe_checkout-form-wrap\"><form action=\"\" method=\"post\" class=\"simpay-checkout-form simpay-form-111 simpay-styled simpay-checkout-form--stripe_checkout simpay-checkout-form--stripe_checkout-styled\" id=\"simpay-form-111\" data-simpay-form-id=\"111\" >\n\t\t<fieldset\n\t\t\tclass=\"simpay-form-control simpay-plan-select-container\"\n\t\t\tdata-display-type=\"radio\"\n\t\t\tstyle=\"display: none\"\n\t\t>\n\t\t\t<div class=\"simpay-plan_select-label simpay-label-wrap\">\n\t\t\t\t<legend class=\"\">\n\t\t\t\t\tChoose an amount\t\t\t\t<\/legend>\n\t\t\t<\/div>\n\n\t\t\t<div class=\"simpay-plan-wrapper simpay-field-wrap simpay-dropdown-wrap\">\n\t\t\t\t<ul class=\"simpay-multi-plan-radio-group\">\n\t\t\t\t\t\t\t\t\t<li class=\"simpay-price-selection-label\">\n\t\t\t\t\t\t\t\t\t\t\t\t\t<label for=\"simpay_b9a85067-2373-4930-803e-468cbe8f28a5-instance-313\">\n\t\t\t\t\t\t\t<input\n\t\t\t\t\t\t\t\ttype=\"radio\"\n\t\t\t\t\t\t\t\t\n\t\t\tid=\"simpay_b9a85067-2373-4930-803e-468cbe8f28a5-instance-313\"\n\t\t\tclass=\"simpay-multi-sub simpay-price-option-simpay_b9a85067-2373-4930-803e-468cbe8f28a5\"\n\t\t\tdata-price='{\"instance_id\":\"4e68c5c9-9ac3-4c72-9d0e-261d7490261f\",\"product_id\":\"prod_TApvcrhokNYzOq\",\"id\":\"simpay_b9a85067-2373-4930-803e-468cbe8f28a5\",\"default\":true,\"required\":false,\"label\":null,\"currency\":\"eur\",\"currency_symbol\":\"&euro;\",\"is_zero_decimal\":false,\"unit_amount\":100,\"unit_amount_min\":\"100\",\"unit_amount_max\":null,\"can_recur\":false,\"can_recur_selected_by_default\":false,\"recurring\":null,\"line_items\":null,\"quantity_toggle\":null,\"quantity_label\":null,\"quantity_minimum\":null,\"quantity_maximum\":null,\"recurring_amount_toggle_label\":null,\"__unstable_unsaved\":null,\"generated_label\":\"starting at &euro;1.00\",\"simplified_label\":\"&euro;1.00\",\"currency_min_amount\":100}'\n\t\t\tname=\"simpay_price\"\n\t\t\t checked='checked'\n\t\t\t\n\t\t\t\n\t\t\tvalue=\"simpay_b9a85067-2373-4930-803e-468cbe8f28a5\"\n\t\t\tdata-plan-id=\"simpay_b9a85067-2373-4930-803e-468cbe8f28a5\"\n\t\t\tdata-plan-amount=\"1\"\n\t\t\t\n\t\t\t\t\t\t\t\t\t\t\/>\n\t\t\t\t\t\t\tstarting at &euro;1.00\t\t\t\t\t\t<\/label>\n\t\t\t\t\t\t\t\t\t\t\t<\/li>\n\t\t\t\t\t\t\t\t<\/ul>\n\t\t\t<\/div>\n\t\t<\/fieldset>\n\n\t\t\n\t\t\n\t\t<div\n\t\t\tclass=\"\n\t\t\t\t\t\t\tsimpay-form-control\n\t\t\t\t\t\t\tsimpay-custom-amount-container\"\n\t\t\t\t\t>\n\t\t\t\n\t\t<div class=\"simpay-custom_amount-label simpay-label-wrap\">\n\t\t\t<label for=\"simpay-form-111-field-2\" class=\"\">\n\t\t\t\tCustom Amount\t\t\t\t\t\t\t<\/label>\n\t\t<\/div>\n\n\t\t\t\t\t<div class=\"simpay-custom-amount-wrap simpay-field-wrap\">\n\t\t\t\t<span class=\"simpay-currency-symbol simpay-currency-symbol-left\">&euro;<\/span>\t\t\t\t<input\n\t\t\t\t\ttype=\"tel\"\n\t\t\t\t\tname=\"simpay_custom_price_amount\"\n\t\t\t\t\tid=\"simpay-form-111-field-2\"\n\t\t\t\t\t\t\t\t\t\tplaceholder=\"{{amount}}\"\n\t\t\t\t\tclass=\"simpay-amount-input simpay-custom-amount-input simpay-custom-amount-input-symbol-left\"\n\t\t\t\t\tdata-prefill-default=\"\"\n\t\t\t\t\tdata-placeholder=\"{{amount}}\"\n\t\t\t\t\t\t\t\t\t\/>\n\t\t\t\t\t\t\t<\/div>\n\t\t\t\t\t\t<div\n\t\t\t\tclass=\"simpay-errors simpay-custom-amount-error\"\n\t\t\t\taria-live=\"assertive\"\n\t\t\t\taria-relevant=\"additions text\"\n\t\t\t\taria-atomic=\"true\"\n\t\t\t><\/div>\n\t\t\t\t\t<\/div>\n\n\t\t\t\t\t<div class=\"simpay-errors simpay-custom-amount-error\" aria-live=\"assertive\" aria-relevant=\"additions text\" aria-atomic=\"true\"><\/div>\n\t\t\n\t\t<div class=\"simpay-form-control\"><button id=\"2\" class=\"simpay-btn simpay-payment-btn stripe-button-el\"><span>Donate<\/span><\/button><\/div><div class=\"simpay-generic-error simpay-errors\" id=\"simpay-form-111-error\" aria-live=\"assertive\" aria-relevant=\"additions text\" aria-atomic=\"true\"><\/div><input type=\"hidden\" name=\"simpay_form_id\" value=\"111\" \/><input type=\"hidden\" name=\"simpay_amount\" value=\"\" class=\"simpay-amount\" \/><input type=\"hidden\" name=\"simpay_tax_amount\" value=\"\" class=\"simpay-tax-amount\" \/><input type=\"hidden\" id=\"_wpnonce\" name=\"_wpnonce\" value=\"4090983ac5\" \/><input type=\"hidden\" name=\"_wp_http_referer\" value=\"\/index.php?rest_route=%2Fwp%2Fv2%2Fpages%2F15\" \/><\/form><\/div><\/div>\n\t\t\t\t\t\t<\/div>\n\t\t\t\t<\/div>\n\t\t<div class=\"elementor-element elementor-element-4c8f896 e-con-full e-flex e-con e-child\" data-id=\"4c8f896\" data-element_type=\"container\">\n\t\t\t\t<div class=\"elementor-element elementor-element-84fe0fa elementor-view-default elementor-widget elementor-widget-icon\" data-id=\"84fe0fa\" data-element_type=\"widget\" data-widget_type=\"icon.default\">\n\t\t\t\t\t\t\t<div class=\"elementor-icon-wrapper\">\n\t\t\t<div class=\"elementor-icon\">\n\t\t\t<svg aria-hidden=\"true\" class=\"e-font-icon-svg e-fas-cross\" viewBox=\"0 0 384 512\" xmlns=\"http:\/\/www.w3.org\/2000\/svg\"><path d=\"M352 128h-96V32c0-17.67-14.33-32-32-32h-64c-17.67 0-32 14.33-32 32v96H32c-17.67 0-32 14.33-32 32v64c0 17.67 14.33 32 32 32h96v224c0 17.67 14.33 32 32 32h64c17.67 0 32-14.33 32-32V256h96c17.67 0 32-14.33 32-32v-64c0-17.67-14.33-32-32-32z\"><\/path><\/svg>\t\t\t<\/div>\n\t\t<\/div>\n\t\t\t\t\t\t<\/div>\n\t\t\t\t<div class=\"elementor-element elementor-element-30895ea elementor-widget elementor-widget-heading\" data-id=\"30895ea\" data-element_type=\"widget\" data-widget_type=\"heading.default\">\n\t\t\t\t\t<h2 class=\"elementor-heading-title elementor-size-default\">Evanghelizare Tomelloso<\/h2>\t\t\t\t<\/div>\n\t\t\t\t<div class=\"elementor-element elementor-element-0420827 elementor-widget elementor-widget-shortcode\" data-id=\"0420827\" data-element_type=\"widget\" data-widget_type=\"shortcode.default\">\n\t\t\t\t\t\t\t<div class=\"elementor-shortcode\"><div id=\"simpay-stripe_checkout-form-wrap-112\" data-id=\"simpay-form-112-wrap\" class=\"simpay-form-wrap simpay-stripe_checkout-form-wrap\"><form action=\"\" method=\"post\" class=\"simpay-checkout-form simpay-form-112 simpay-styled simpay-checkout-form--stripe_checkout simpay-checkout-form--stripe_checkout-styled\" id=\"simpay-form-112\" data-simpay-form-id=\"112\" >\n\t\t<fieldset\n\t\t\tclass=\"simpay-form-control simpay-plan-select-container\"\n\t\t\tdata-display-type=\"radio\"\n\t\t\tstyle=\"display: none\"\n\t\t>\n\t\t\t<div class=\"simpay-plan_select-label simpay-label-wrap\">\n\t\t\t\t<legend class=\"\">\n\t\t\t\t\tChoose an amount\t\t\t\t<\/legend>\n\t\t\t<\/div>\n\n\t\t\t<div class=\"simpay-plan-wrapper simpay-field-wrap simpay-dropdown-wrap\">\n\t\t\t\t<ul class=\"simpay-multi-plan-radio-group\">\n\t\t\t\t\t\t\t\t\t<li class=\"simpay-price-selection-label\">\n\t\t\t\t\t\t\t\t\t\t\t\t\t<label for=\"simpay_b9a85067-2373-4930-803e-468cbe8f28a5-instance-518\">\n\t\t\t\t\t\t\t<input\n\t\t\t\t\t\t\t\ttype=\"radio\"\n\t\t\t\t\t\t\t\t\n\t\t\tid=\"simpay_b9a85067-2373-4930-803e-468cbe8f28a5-instance-518\"\n\t\t\tclass=\"simpay-multi-sub simpay-price-option-simpay_b9a85067-2373-4930-803e-468cbe8f28a5\"\n\t\t\tdata-price='{\"instance_id\":\"4e68c5c9-9ac3-4c72-9d0e-261d7490261f\",\"product_id\":\"prod_TApwHsrdWo7hWv\",\"id\":\"simpay_b9a85067-2373-4930-803e-468cbe8f28a5\",\"default\":true,\"required\":false,\"label\":null,\"currency\":\"eur\",\"currency_symbol\":\"&euro;\",\"is_zero_decimal\":false,\"unit_amount\":100,\"unit_amount_min\":\"100\",\"unit_amount_max\":null,\"can_recur\":false,\"can_recur_selected_by_default\":false,\"recurring\":null,\"line_items\":null,\"quantity_toggle\":null,\"quantity_label\":null,\"quantity_minimum\":null,\"quantity_maximum\":null,\"recurring_amount_toggle_label\":null,\"__unstable_unsaved\":null,\"generated_label\":\"starting at &euro;1.00\",\"simplified_label\":\"&euro;1.00\",\"currency_min_amount\":100}'\n\t\t\tname=\"simpay_price\"\n\t\t\t checked='checked'\n\t\t\t\n\t\t\t\n\t\t\tvalue=\"simpay_b9a85067-2373-4930-803e-468cbe8f28a5\"\n\t\t\tdata-plan-id=\"simpay_b9a85067-2373-4930-803e-468cbe8f28a5\"\n\t\t\tdata-plan-amount=\"1\"\n\t\t\t\n\t\t\t\t\t\t\t\t\t\t\/>\n\t\t\t\t\t\t\tstarting at &euro;1.00\t\t\t\t\t\t<\/label>\n\t\t\t\t\t\t\t\t\t\t\t<\/li>\n\t\t\t\t\t\t\t\t<\/ul>\n\t\t\t<\/div>\n\t\t<\/fieldset>\n\n\t\t\n\t\t\n\t\t<div\n\t\t\tclass=\"\n\t\t\t\t\t\t\tsimpay-form-control\n\t\t\t\t\t\t\tsimpay-custom-amount-container\"\n\t\t\t\t\t>\n\t\t\t\n\t\t<div class=\"simpay-custom_amount-label simpay-label-wrap\">\n\t\t\t<label for=\"simpay-form-112-field-2\" class=\"\">\n\t\t\t\tCustom Amount\t\t\t\t\t\t\t<\/label>\n\t\t<\/div>\n\n\t\t\t\t\t<div class=\"simpay-custom-amount-wrap simpay-field-wrap\">\n\t\t\t\t<span class=\"simpay-currency-symbol simpay-currency-symbol-left\">&euro;<\/span>\t\t\t\t<input\n\t\t\t\t\ttype=\"tel\"\n\t\t\t\t\tname=\"simpay_custom_price_amount\"\n\t\t\t\t\tid=\"simpay-form-112-field-2\"\n\t\t\t\t\t\t\t\t\t\tplaceholder=\"{{amount}}\"\n\t\t\t\t\tclass=\"simpay-amount-input simpay-custom-amount-input simpay-custom-amount-input-symbol-left\"\n\t\t\t\t\tdata-prefill-default=\"\"\n\t\t\t\t\tdata-placeholder=\"{{amount}}\"\n\t\t\t\t\t\t\t\t\t\/>\n\t\t\t\t\t\t\t<\/div>\n\t\t\t\t\t\t<div\n\t\t\t\tclass=\"simpay-errors simpay-custom-amount-error\"\n\t\t\t\taria-live=\"assertive\"\n\t\t\t\taria-relevant=\"additions text\"\n\t\t\t\taria-atomic=\"true\"\n\t\t\t><\/div>\n\t\t\t\t\t<\/div>\n\n\t\t\t\t\t<div class=\"simpay-errors simpay-custom-amount-error\" aria-live=\"assertive\" aria-relevant=\"additions text\" aria-atomic=\"true\"><\/div>\n\t\t\n\t\t<div class=\"simpay-form-control\"><button id=\"2\" class=\"simpay-btn simpay-payment-btn stripe-button-el\"><span>Donate<\/span><\/button><\/div><div class=\"simpay-generic-error simpay-errors\" id=\"simpay-form-112-error\" aria-live=\"assertive\" aria-relevant=\"additions text\" aria-atomic=\"true\"><\/div><input type=\"hidden\" name=\"simpay_form_id\" value=\"112\" \/><input type=\"hidden\" name=\"simpay_amount\" value=\"\" class=\"simpay-amount\" \/><input type=\"hidden\" name=\"simpay_tax_amount\" value=\"\" class=\"simpay-tax-amount\" \/><input type=\"hidden\" id=\"_wpnonce\" name=\"_wpnonce\" value=\"4090983ac5\" \/><input type=\"hidden\" name=\"_wp_http_referer\" value=\"\/index.php?rest_route=%2Fwp%2Fv2%2Fpages%2F15\" \/><\/form><\/div><\/div>\n\t\t\t\t\t\t<\/div>\n\t\t\t\t<\/div>\n\t\t<div class=\"elementor-element elementor-element-e02d662 e-con-full e-flex e-con e-child\" data-id=\"e02d662\" data-element_type=\"container\">\n\t\t\t\t<div class=\"elementor-element elementor-element-b515b8a elementor-view-default elementor-widget elementor-widget-icon\" data-id=\"b515b8a\" data-element_type=\"widget\" data-widget_type=\"icon.default\">\n\t\t\t\t\t\t\t<div class=\"elementor-icon-wrapper\">\n\t\t\t<div class=\"elementor-icon\">\n\t\t\t<i aria-hidden=\"true\" class=\"icon icon-money-3\"><\/i>\t\t\t<\/div>\n\t\t<\/div>\n\t\t\t\t\t\t<\/div>\n\t\t\t\t<div class=\"elementor-element elementor-element-79426e2 elementor-widget elementor-widget-heading\" data-id=\"79426e2\" data-element_type=\"widget\" data-widget_type=\"heading.default\">\n\t\t\t\t\t<h2 class=\"elementor-heading-title elementor-size-default\">Zeciuial\u0103<\/h2>\t\t\t\t<\/div>\n\t\t\t\t<div class=\"elementor-element elementor-element-ac36a4a elementor-widget elementor-widget-shortcode\" data-id=\"ac36a4a\" data-element_type=\"widget\" data-widget_type=\"shortcode.default\">\n\t\t\t\t\t\t\t<div class=\"elementor-shortcode\"><div id=\"simpay-stripe_checkout-form-wrap-113\" data-id=\"simpay-form-113-wrap\" class=\"simpay-form-wrap simpay-stripe_checkout-form-wrap\"><form action=\"\" method=\"post\" class=\"simpay-checkout-form simpay-form-113 simpay-styled simpay-checkout-form--stripe_checkout simpay-checkout-form--stripe_checkout-styled\" id=\"simpay-form-113\" data-simpay-form-id=\"113\" >\n\t\t<fieldset\n\t\t\tclass=\"simpay-form-control simpay-plan-select-container\"\n\t\t\tdata-display-type=\"radio\"\n\t\t\tstyle=\"display: none\"\n\t\t>\n\t\t\t<div class=\"simpay-plan_select-label simpay-label-wrap\">\n\t\t\t\t<legend class=\"\">\n\t\t\t\t\tChoose an amount\t\t\t\t<\/legend>\n\t\t\t<\/div>\n\n\t\t\t<div class=\"simpay-plan-wrapper simpay-field-wrap simpay-dropdown-wrap\">\n\t\t\t\t<ul class=\"simpay-multi-plan-radio-group\">\n\t\t\t\t\t\t\t\t\t<li class=\"simpay-price-selection-label\">\n\t\t\t\t\t\t\t\t\t\t\t\t\t<label for=\"simpay_b9a85067-2373-4930-803e-468cbe8f28a5-instance-102\">\n\t\t\t\t\t\t\t<input\n\t\t\t\t\t\t\t\ttype=\"radio\"\n\t\t\t\t\t\t\t\t\n\t\t\tid=\"simpay_b9a85067-2373-4930-803e-468cbe8f28a5-instance-102\"\n\t\t\tclass=\"simpay-multi-sub simpay-price-option-simpay_b9a85067-2373-4930-803e-468cbe8f28a5\"\n\t\t\tdata-price='{\"instance_id\":\"4e68c5c9-9ac3-4c72-9d0e-261d7490261f\",\"product_id\":\"prod_TApxNqshqjA5fz\",\"id\":\"simpay_b9a85067-2373-4930-803e-468cbe8f28a5\",\"default\":true,\"required\":false,\"label\":null,\"currency\":\"eur\",\"currency_symbol\":\"&euro;\",\"is_zero_decimal\":false,\"unit_amount\":100,\"unit_amount_min\":\"100\",\"unit_amount_max\":null,\"can_recur\":false,\"can_recur_selected_by_default\":false,\"recurring\":null,\"line_items\":null,\"quantity_toggle\":null,\"quantity_label\":null,\"quantity_minimum\":null,\"quantity_maximum\":null,\"recurring_amount_toggle_label\":null,\"__unstable_unsaved\":null,\"generated_label\":\"starting at &euro;1.00\",\"simplified_label\":\"&euro;1.00\",\"currency_min_amount\":100}'\n\t\t\tname=\"simpay_price\"\n\t\t\t checked='checked'\n\t\t\t\n\t\t\t\n\t\t\tvalue=\"simpay_b9a85067-2373-4930-803e-468cbe8f28a5\"\n\t\t\tdata-plan-id=\"simpay_b9a85067-2373-4930-803e-468cbe8f28a5\"\n\t\t\tdata-plan-amount=\"1\"\n\t\t\t\n\t\t\t\t\t\t\t\t\t\t\/>\n\t\t\t\t\t\t\tstarting at &euro;1.00\t\t\t\t\t\t<\/label>\n\t\t\t\t\t\t\t\t\t\t\t<\/li>\n\t\t\t\t\t\t\t\t<\/ul>\n\t\t\t<\/div>\n\t\t<\/fieldset>\n\n\t\t\n\t\t\n\t\t<div\n\t\t\tclass=\"\n\t\t\t\t\t\t\tsimpay-form-control\n\t\t\t\t\t\t\tsimpay-custom-amount-container\"\n\t\t\t\t\t>\n\t\t\t\n\t\t<div class=\"simpay-custom_amount-label simpay-label-wrap\">\n\t\t\t<label for=\"simpay-form-113-field-2\" class=\"\">\n\t\t\t\tCustom Amount\t\t\t\t\t\t\t<\/label>\n\t\t<\/div>\n\n\t\t\t\t\t<div class=\"simpay-custom-amount-wrap simpay-field-wrap\">\n\t\t\t\t<span class=\"simpay-currency-symbol simpay-currency-symbol-left\">&euro;<\/span>\t\t\t\t<input\n\t\t\t\t\ttype=\"tel\"\n\t\t\t\t\tname=\"simpay_custom_price_amount\"\n\t\t\t\t\tid=\"simpay-form-113-field-2\"\n\t\t\t\t\t\t\t\t\t\tplaceholder=\"{{amount}}\"\n\t\t\t\t\tclass=\"simpay-amount-input simpay-custom-amount-input simpay-custom-amount-input-symbol-left\"\n\t\t\t\t\tdata-prefill-default=\"\"\n\t\t\t\t\tdata-placeholder=\"{{amount}}\"\n\t\t\t\t\t\t\t\t\t\/>\n\t\t\t\t\t\t\t<\/div>\n\t\t\t\t\t\t<div\n\t\t\t\tclass=\"simpay-errors simpay-custom-amount-error\"\n\t\t\t\taria-live=\"assertive\"\n\t\t\t\taria-relevant=\"additions text\"\n\t\t\t\taria-atomic=\"true\"\n\t\t\t><\/div>\n\t\t\t\t\t<\/div>\n\n\t\t\t\t\t<div class=\"simpay-errors simpay-custom-amount-error\" aria-live=\"assertive\" aria-relevant=\"additions text\" aria-atomic=\"true\"><\/div>\n\t\t\n\t\t<div class=\"simpay-form-control\"><button id=\"2\" class=\"simpay-btn simpay-payment-btn stripe-button-el\"><span>Donate<\/span><\/button><\/div><div class=\"simpay-generic-error simpay-errors\" id=\"simpay-form-113-error\" aria-live=\"assertive\" aria-relevant=\"additions text\" aria-atomic=\"true\"><\/div><input type=\"hidden\" name=\"simpay_form_id\" value=\"113\" \/><input type=\"hidden\" name=\"simpay_amount\" value=\"\" class=\"simpay-amount\" \/><input type=\"hidden\" name=\"simpay_tax_amount\" value=\"\" class=\"simpay-tax-amount\" \/><input type=\"hidden\" id=\"_wpnonce\" name=\"_wpnonce\" value=\"4090983ac5\" \/><input type=\"hidden\" name=\"_wp_http_referer\" value=\"\/index.php?rest_route=%2Fwp%2Fv2%2Fpages%2F15\" \/><\/form><\/div><\/div>\n\t\t\t\t\t\t<\/div>\n\t\t\t\t<\/div>\n\t\t<div class=\"elementor-element elementor-element-dd0bc0e e-con-full e-flex e-con e-child\" data-id=\"dd0bc0e\" data-element_type=\"container\">\n\t\t\t\t<div class=\"elementor-element elementor-element-20c83ce elementor-view-default elementor-widget elementor-widget-icon\" data-id=\"20c83ce\" data-element_type=\"widget\" data-widget_type=\"icon.default\">\n\t\t\t\t\t\t\t<div class=\"elementor-icon-wrapper\">\n\t\t\t<div class=\"elementor-icon\">\n\t\t\t<i aria-hidden=\"true\" class=\"icon icon-save-money\"><\/i>\t\t\t<\/div>\n\t\t<\/div>\n\t\t\t\t\t\t<\/div>\n\t\t\t\t<div class=\"elementor-element elementor-element-0cd03da elementor-widget elementor-widget-heading\" data-id=\"0cd03da\" data-element_type=\"widget\" data-widget_type=\"heading.default\">\n\t\t\t\t\t<h2 class=\"elementor-heading-title elementor-size-default\">D\u0103rnicie<\/h2>\t\t\t\t<\/div>\n\t\t\t\t<div class=\"elementor-element elementor-element-474ec4f elementor-widget elementor-widget-shortcode\" data-id=\"474ec4f\" data-element_type=\"widget\" data-widget_type=\"shortcode.default\">\n\t\t\t\t\t\t\t<div class=\"elementor-shortcode\"><div id=\"simpay-stripe_checkout-form-wrap-98\" data-id=\"simpay-form-98-wrap\" class=\"simpay-form-wrap simpay-stripe_checkout-form-wrap\"><form action=\"\" method=\"post\" class=\"simpay-checkout-form simpay-form-98 simpay-styled simpay-checkout-form--stripe_checkout simpay-checkout-form--stripe_checkout-styled\" id=\"simpay-form-98\" data-simpay-form-id=\"98\" >\n\t\t<fieldset\n\t\t\tclass=\"simpay-form-control simpay-plan-select-container\"\n\t\t\tdata-display-type=\"radio\"\n\t\t\tstyle=\"display: none\"\n\t\t>\n\t\t\t<div class=\"simpay-plan_select-label simpay-label-wrap\">\n\t\t\t\t<legend class=\"\">\n\t\t\t\t\tChoose an amount\t\t\t\t<\/legend>\n\t\t\t<\/div>\n\n\t\t\t<div class=\"simpay-plan-wrapper simpay-field-wrap simpay-dropdown-wrap\">\n\t\t\t\t<ul class=\"simpay-multi-plan-radio-group\">\n\t\t\t\t\t\t\t\t\t<li class=\"simpay-price-selection-label\">\n\t\t\t\t\t\t\t\t\t\t\t\t\t<label for=\"simpay_b9a85067-2373-4930-803e-468cbe8f28a5-instance-143\">\n\t\t\t\t\t\t\t<input\n\t\t\t\t\t\t\t\ttype=\"radio\"\n\t\t\t\t\t\t\t\t\n\t\t\tid=\"simpay_b9a85067-2373-4930-803e-468cbe8f28a5-instance-143\"\n\t\t\tclass=\"simpay-multi-sub simpay-price-option-simpay_b9a85067-2373-4930-803e-468cbe8f28a5\"\n\t\t\tdata-price='{\"instance_id\":\"4e68c5c9-9ac3-4c72-9d0e-261d7490261f\",\"product_id\":\"prod_TAUmM5RoSyAdfU\",\"id\":\"simpay_b9a85067-2373-4930-803e-468cbe8f28a5\",\"default\":true,\"required\":false,\"label\":null,\"currency\":\"eur\",\"currency_symbol\":\"&euro;\",\"is_zero_decimal\":false,\"unit_amount\":100,\"unit_amount_min\":\"100\",\"unit_amount_max\":null,\"can_recur\":false,\"can_recur_selected_by_default\":false,\"recurring\":null,\"line_items\":null,\"quantity_toggle\":null,\"quantity_label\":null,\"quantity_minimum\":null,\"quantity_maximum\":null,\"recurring_amount_toggle_label\":null,\"__unstable_unsaved\":null,\"generated_label\":\"starting at &euro;1.00\",\"simplified_label\":\"&euro;1.00\",\"currency_min_amount\":100}'\n\t\t\tname=\"simpay_price\"\n\t\t\t checked='checked'\n\t\t\t\n\t\t\t\n\t\t\tvalue=\"simpay_b9a85067-2373-4930-803e-468cbe8f28a5\"\n\t\t\tdata-plan-id=\"simpay_b9a85067-2373-4930-803e-468cbe8f28a5\"\n\t\t\tdata-plan-amount=\"1\"\n\t\t\t\n\t\t\t\t\t\t\t\t\t\t\/>\n\t\t\t\t\t\t\tstarting at &euro;1.00\t\t\t\t\t\t<\/label>\n\t\t\t\t\t\t\t\t\t\t\t<\/li>\n\t\t\t\t\t\t\t\t<\/ul>\n\t\t\t<\/div>\n\t\t<\/fieldset>\n\n\t\t\n\t\t\n\t\t<div\n\t\t\tclass=\"\n\t\t\t\t\t\t\tsimpay-form-control\n\t\t\t\t\t\t\tsimpay-custom-amount-container\"\n\t\t\t\t\t>\n\t\t\t\n\t\t<div class=\"simpay-custom_amount-label simpay-label-wrap\">\n\t\t\t<label for=\"simpay-form-98-field-2\" class=\"\">\n\t\t\t\tCustom Amount\t\t\t\t\t\t\t<\/label>\n\t\t<\/div>\n\n\t\t\t\t\t<div class=\"simpay-custom-amount-wrap simpay-field-wrap\">\n\t\t\t\t<span class=\"simpay-currency-symbol simpay-currency-symbol-left\">&euro;<\/span>\t\t\t\t<input\n\t\t\t\t\ttype=\"tel\"\n\t\t\t\t\tname=\"simpay_custom_price_amount\"\n\t\t\t\t\tid=\"simpay-form-98-field-2\"\n\t\t\t\t\t\t\t\t\t\tplaceholder=\"{{amount}}\"\n\t\t\t\t\tclass=\"simpay-amount-input simpay-custom-amount-input simpay-custom-amount-input-symbol-left\"\n\t\t\t\t\tdata-prefill-default=\"\"\n\t\t\t\t\tdata-placeholder=\"{{amount}}\"\n\t\t\t\t\t\t\t\t\t\/>\n\t\t\t\t\t\t\t<\/div>\n\t\t\t\t\t\t<div\n\t\t\t\tclass=\"simpay-errors simpay-custom-amount-error\"\n\t\t\t\taria-live=\"assertive\"\n\t\t\t\taria-relevant=\"additions text\"\n\t\t\t\taria-atomic=\"true\"\n\t\t\t><\/div>\n\t\t\t\t\t<\/div>\n\n\t\t\t\t\t<div class=\"simpay-errors simpay-custom-amount-error\" aria-live=\"assertive\" aria-relevant=\"additions text\" aria-atomic=\"true\"><\/div>\n\t\t\n\t\t<div class=\"simpay-form-control\"><button id=\"2\" class=\"simpay-btn simpay-payment-btn stripe-button-el\"><span>Donate<\/span><\/button><\/div><div class=\"simpay-generic-error simpay-errors\" id=\"simpay-form-98-error\" aria-live=\"assertive\" aria-relevant=\"additions text\" aria-atomic=\"true\"><\/div><input type=\"hidden\" name=\"simpay_form_id\" value=\"98\" \/><input type=\"hidden\" name=\"simpay_amount\" value=\"\" class=\"simpay-amount\" \/><input type=\"hidden\" name=\"simpay_tax_amount\" value=\"\" class=\"simpay-tax-amount\" \/><input type=\"hidden\" id=\"_wpnonce\" name=\"_wpnonce\" value=\"4090983ac5\" \/><input type=\"hidden\" name=\"_wp_http_referer\" value=\"\/index.php?rest_route=%2Fwp%2Fv2%2Fpages%2F15\" \/><\/form><\/div><\/div>\n\t\t\t\t\t\t<\/div>\n\t\t\t\t<\/div>\n\t\t\t\t\t<\/div>\n\t\t\t\t<\/div>\n\t\t\t\t<\/div>\n\t\t","protected":false},"excerpt":{"rendered":"<p>Fiecare s\u0103 dea dup\u0103 cum a hot\u0103r\u00e2t \u00een inima lui: nu cu p\u0103rere de r\u0103u sau de sil\u0103, c\u0103ci \u201epe cine d\u0103 cu bucurie, \u00eel iube\u0219te Dumnezeu Invita\u021bi \/ Predicattori Evanghelizare Tomelloso Zeciuial\u0103 D\u0103rnicie<\/p>\n","protected":false},"author":1,"featured_media":0,"parent":0,"menu_order":0,"comment_status":"closed","ping_status":"closed","template":"elementor_header_footer","meta":{"footnotes":""},"class_list":["post-15","page","type-page","status-publish","hentry","entry"],"_links":{"self":[{"href":"https:\/\/maranatatomelloso.com\/index.php?rest_route=\/wp\/v2\/pages\/15","targetHints":{"allow":["GET"]}}],"collection":[{"href":"https:\/\/maranatatomelloso.com\/index.php?rest_route=\/wp\/v2\/pages"}],"about":[{"href":"https:\/\/maranatatomelloso.com\/index.php?rest_route=\/wp\/v2\/types\/page"}],"author":[{"embeddable":true,"href":"https:\/\/maranatatomelloso.com\/index.php?rest_route=\/wp\/v2\/users\/1"}],"replies":[{"embeddable":true,"href":"https:\/\/maranatatomelloso.com\/index.php?rest_route=%2Fwp%2Fv2%2Fcomments&post=15"}],"version-history":[{"count":28,"href":"https:\/\/maranatatomelloso.com\/index.php?rest_route=\/wp\/v2\/pages\/15\/revisions"}],"predecessor-version":[{"id":119,"href":"https:\/\/maranatatomelloso.com\/index.php?rest_route=\/wp\/v2\/pages\/15\/revisions\/119"}],"wp:attachment":[{"href":"https:\/\/maranatatomelloso.com\/index.php?rest_route=%2Fwp%2Fv2%2Fmedia&parent=15"}],"curies":[{"name":"wp","href":"https:\/\/api.w.org\/{rel}","templated":true}]}}